{"id":209,"date":"2020-11-23T17:22:50","date_gmt":"2020-11-23T17:22:50","guid":{"rendered":"https:\/\/fizika.pmf.ni.ac.rs\/nocistrazivaca2020\/?page_id=209"},"modified":"2020-11-27T18:24:06","modified_gmt":"2020-11-27T17:24:06","slug":"noc-istrazivaca-na-departmanu","status":"publish","type":"page","link":"https:\/\/fizika.pmf.ni.ac.rs\/nocistrazivaca2020\/noc-istrazivaca-na-departmanu\/","title":{"rendered":"No\u0107 istra\u017eiva\u010da na Departmanu"},"content":{"rendered":"\n<h3 class=\"wp-block-heading\">Zaviri u \u0161arenilo prirode kroz oko fizi\u010dara (1) &#8211; dizanje tegova<\/h3>\n\n\n\n<p>Ne morate da znate razliku izme\u0111u mase i te\u017eine da biste znali da je fizika te\u0161ka. Sa tegovima, tako\u0111e ni\u0161ta nije lako. U okviru postavke sazna\u0107ete kako da va\u0161 teg od 100 kg bude \u201elak\u0161i\u201c od suparni\u010dkog tega od 100 kg, i kako da izmerite maksimalnu silu kojom delujete na teg prilikom podizanja uz pomo\u0107 mobilnog telefona.<\/p>\n\n\n\n<figure class=\"wp-block-embed-youtube wp-block-embed is-type-video is-provider-youtube wp-embed-aspect-16-9 wp-has-aspect-ratio\"><div class=\"wp-block-embed__wrapper\">\n<iframe loading=\"lazy\" title=\"Zaviri u sarenilo prirode kroz oko fizicara 1\" width=\"640\" height=\"360\" src=\"https:\/\/www.youtube.com\/embed\/fvKKbtihVGg?feature=oembed\" frameborder=\"0\" allow=\"accelerometer; autoplay; clipboard-write; encrypted-media; gyroscope; picture-in-picture; web-share\" referrerpolicy=\"strict-origin-when-cross-origin\" allowfullscreen><\/iframe>\n<\/div><\/figure>\n\n\n\n<figure class=\"wp-block-embed-youtube wp-block-embed is-type-video is-provider-youtube wp-embed-aspect-16-9 wp-has-aspect-ratio\"><div class=\"wp-block-embed__wrapper\">\n<iframe loading=\"lazy\" title=\"Zaviri u sarenilo prirode kroz oko fizicara 1 1\" width=\"640\" height=\"360\" src=\"https:\/\/www.youtube.com\/embed\/O6q0J6asUsk?feature=oembed\" frameborder=\"0\" allow=\"accelerometer; autoplay; clipboard-write; encrypted-media; gyroscope; picture-in-picture; web-share\" referrerpolicy=\"strict-origin-when-cross-origin\" allowfullscreen><\/iframe>\n<\/div><\/figure>\n\n\n\n<h3 class=\"wp-block-heading\">Zaviri u \u0161arenilo prirode kroz oko fizi\u010dara (2)<\/h3>\n\n\n\n<figure class=\"wp-block-embed-youtube wp-block-embed is-type-video is-provider-youtube wp-embed-aspect-16-9 wp-has-aspect-ratio\"><div class=\"wp-block-embed__wrapper\">\n<iframe loading=\"lazy\" title=\"Zaviri u sarenilo prirode kroz oko fizicara 2\" width=\"640\" height=\"360\" src=\"https:\/\/www.youtube.com\/embed\/YXFPV4CAdCg?feature=oembed\" frameborder=\"0\" allow=\"accelerometer; autoplay; clipboard-write; encrypted-media; gyroscope; picture-in-picture; web-share\" referrerpolicy=\"strict-origin-when-cross-origin\" allowfullscreen><\/iframe>\n<\/div><\/figure>\n\n\n\n<h3 class=\"wp-block-heading\">Zaviri u \u0161arenilo prirode kroz oko fizi\u010dara (3)<\/h3>\n\n\n\n<p>Prose\u010dni \u017eivotni vek ljudi u poslednjih 20 godina pove\u0107ao se sa 72 godine na 80, zahvaljuju\u0107i ubrzanom razvoju tehnologije i njenoj primeni u medicini. Glavni izazov za medicinske in\u017eenjere jeste razvoj novih i pobolj\u0161anje postoje\u0107ih medicinskih ure\u0111aja. Elektrokardiogram (EKG) se pokazao kao najefikasniji na\u010din analiziranja rada srca i ova prezentacija daje osvrt na merenje elektri\u010dne aktivnosti srca, uz pomo\u0107 Arduiono ra\u010dunarske platforme i AD8232 senzora. Kratak opis biolo\u0161kih procesa koji stoje iza elektri\u010dne aktivnosti srca \u0107e biti uvod za prakti\u010dnu demonstraciju snimanja EKG srca.<\/p>\n\n\n\n<figure class=\"wp-block-embed-youtube wp-block-embed is-type-video is-provider-youtube wp-embed-aspect-16-9 wp-has-aspect-ratio\"><div class=\"wp-block-embed__wrapper\">\n<iframe loading=\"lazy\" title=\"Zaviri u sarenilo prirode kroz oko fizicara 3\" width=\"640\" height=\"360\" src=\"https:\/\/www.youtube.com\/embed\/IJVn-guKJyQ?start=260&#038;feature=oembed\" frameborder=\"0\" allow=\"accelerometer; autoplay; clipboard-write; encrypted-media; gyroscope; picture-in-picture; web-share\" referrerpolicy=\"strict-origin-when-cross-origin\" allowfullscreen><\/iframe>\n<\/div><\/figure>\n\n\n\n<p><\/p>\n","protected":false},"excerpt":{"rendered":"<p>Zaviri u \u0161arenilo prirode kroz oko fizi\u010dara (1) &#8211; dizanje tegova Ne morate da znate razliku izme\u0111u mase i te\u017eine da biste znali da je fizika te\u0161ka. Sa tegovima, tako\u0111e ni\u0161ta nije lako. U okviru postavke sazna\u0107ete kako da va\u0161 teg od 100 kg bude \u201elak\u0161i\u201c od suparni\u010dkog tega od 100 kg, i kako da izmerite maksimalnu silu kojom delujete na teg prilikom podizanja uz pomo\u0107 mobilnog telefona. Zaviri u \u0161arenilo prirode kroz oko fizi\u010dara (2) Zaviri u \u0161arenilo prirode kroz oko fizi\u010dara (3) Prose\u010dni \u017eivotni vek ljudi u poslednjih&hellip;<\/p>\n","protected":false},"author":1,"featured_media":0,"parent":0,"menu_order":0,"comment_status":"closed","ping_status":"closed","template":"","meta":{"footnotes":""},"class_list":["post-209","page","type-page","status-publish","hentry"],"jetpack_sharing_enabled":true,"_links":{"self":[{"href":"https:\/\/fizika.pmf.ni.ac.rs\/nocistrazivaca2020\/wp-json\/wp\/v2\/pages\/209","targetHints":{"allow":["GET"]}}],"collection":[{"href":"https:\/\/fizika.pmf.ni.ac.rs\/nocistrazivaca2020\/wp-json\/wp\/v2\/pages"}],"about":[{"href":"https:\/\/fizika.pmf.ni.ac.rs\/nocistrazivaca2020\/wp-json\/wp\/v2\/types\/page"}],"author":[{"embeddable":true,"href":"https:\/\/fizika.pmf.ni.ac.rs\/nocistrazivaca2020\/wp-json\/wp\/v2\/users\/1"}],"replies":[{"embeddable":true,"href":"https:\/\/fizika.pmf.ni.ac.rs\/nocistrazivaca2020\/wp-json\/wp\/v2\/comments?post=209"}],"version-history":[{"count":5,"href":"https:\/\/fizika.pmf.ni.ac.rs\/nocistrazivaca2020\/wp-json\/wp\/v2\/pages\/209\/revisions"}],"predecessor-version":[{"id":407,"href":"https:\/\/fizika.pmf.ni.ac.rs\/nocistrazivaca2020\/wp-json\/wp\/v2\/pages\/209\/revisions\/407"}],"wp:attachment":[{"href":"https:\/\/fizika.pmf.ni.ac.rs\/nocistrazivaca2020\/wp-json\/wp\/v2\/media?parent=209"}],"curies":[{"name":"wp","href":"https:\/\/api.w.org\/{rel}","templated":true}]}}