{"id":27,"date":"2020-11-09T13:19:43","date_gmt":"2020-11-09T13:19:43","guid":{"rendered":"https:\/\/fizika.pmf.ni.ac.rs\/nocistrazivaca2020\/?page_id=27"},"modified":"2020-11-27T12:53:20","modified_gmt":"2020-11-27T11:53:20","slug":"o-sajtu","status":"publish","type":"page","link":"https:\/\/fizika.pmf.ni.ac.rs\/nocistrazivaca2020\/o-sajtu\/","title":{"rendered":"O sajtu"},"content":{"rendered":"\n<h3 class=\"wp-block-heading\">Pripremili: <\/h3>\n\n\n\n<ul class=\"wp-block-list\"><li><strong>Irina<\/strong> Cvetkovi\u0107<\/li><li><strong>Jovana<\/strong> Stanimirovi\u0107<\/li><li><strong>Petra<\/strong> Ne\u0161i\u0107<\/li><li><strong>Milan<\/strong> Milo\u0161evi\u0107<\/li><\/ul>\n\n\n\n<div class=\"wp-block-image is-style-default\"><figure class=\"aligncenter size-large\"><img loading=\"lazy\" decoding=\"async\" width=\"1024\" height=\"576\" src=\"https:\/\/fizika.pmf.ni.ac.rs\/nocistrazivaca2020\/wp-content\/uploads\/2020\/11\/prva-logo-1024x576.png\" alt=\"\" class=\"wp-image-186\" srcset=\"https:\/\/fizika.pmf.ni.ac.rs\/nocistrazivaca2020\/wp-content\/uploads\/2020\/11\/prva-logo-1024x576.png 1024w, https:\/\/fizika.pmf.ni.ac.rs\/nocistrazivaca2020\/wp-content\/uploads\/2020\/11\/prva-logo-300x169.png 300w, https:\/\/fizika.pmf.ni.ac.rs\/nocistrazivaca2020\/wp-content\/uploads\/2020\/11\/prva-logo-768x432.png 768w, https:\/\/fizika.pmf.ni.ac.rs\/nocistrazivaca2020\/wp-content\/uploads\/2020\/11\/prva-logo-1536x864.png 1536w, https:\/\/fizika.pmf.ni.ac.rs\/nocistrazivaca2020\/wp-content\/uploads\/2020\/11\/prva-logo-2048x1152.png 2048w\" sizes=\"auto, (max-width: 1024px) 100vw, 1024px\" \/><\/figure><\/div>\n\n\n\n<div class=\"wp-block-image is-style-rounded\"><figure class=\"aligncenter size-large\"><img loading=\"lazy\" decoding=\"async\" width=\"200\" height=\"200\" src=\"https:\/\/fizika.pmf.ni.ac.rs\/nocistrazivaca2020\/wp-content\/uploads\/2020\/11\/irina.jpg\" alt=\"\" class=\"wp-image-193\" srcset=\"https:\/\/fizika.pmf.ni.ac.rs\/nocistrazivaca2020\/wp-content\/uploads\/2020\/11\/irina.jpg 200w, https:\/\/fizika.pmf.ni.ac.rs\/nocistrazivaca2020\/wp-content\/uploads\/2020\/11\/irina-150x150.jpg 150w\" sizes=\"auto, (max-width: 200px) 100vw, 200px\" \/><\/figure><\/div>\n\n\n\n<p><strong>Irina Cvetkovi\u0107<\/strong> je student fizike na Prirodno-matemati\u010dkom fakultetu u Ni\u0161u i \u010dlan ni\u0161kog astronomskog dru\u0161tva \u201cAlfa\u201d. Iz gejmerske faze prvenstveno je razvila ljubav prema programiranju, kompjuterima i elektronici, zbog \u010dega je kao srednju \u0161kolu odabrala Tehni\u010dku. Odnedavno aktivna u popularizaciji nauke preko dru\u0161tvenih mre\u017ea i studentskog \u010dasopisa \u201cPMF \u017durnal\u201d. Kad ne juri zvezde po zaba\u010denim livadama, mo\u017ee se zate\u0107i u parku na rolerima ili klizali\u0161tu. Pored nauke i tehnologije, od malena se interesuje za \u017eivi svet oko sebe, pa je veliki zagovornik o\u010duvanja prirode i dobrobiti svih \u017eivotinja.<\/p>\n\n\n\n<div class=\"wp-block-image is-style-rounded\"><figure class=\"aligncenter size-large\"><img loading=\"lazy\" decoding=\"async\" width=\"200\" height=\"200\" src=\"https:\/\/fizika.pmf.ni.ac.rs\/nocistrazivaca2020\/wp-content\/uploads\/2020\/11\/jovana.jpg\" alt=\"\" class=\"wp-image-194\" srcset=\"https:\/\/fizika.pmf.ni.ac.rs\/nocistrazivaca2020\/wp-content\/uploads\/2020\/11\/jovana.jpg 200w, https:\/\/fizika.pmf.ni.ac.rs\/nocistrazivaca2020\/wp-content\/uploads\/2020\/11\/jovana-150x150.jpg 150w\" sizes=\"auto, (max-width: 200px) 100vw, 200px\" \/><\/figure><\/div>\n\n\n\n<p><strong>Jovana Stanimirovi\u0107<\/strong> je zavr\u0161ila specijalno odeljenje za u\u010denike sa posebnim sposobnostima za fiziku u Gimnaziji \u201eSvetozar Markovi\u0107\u201c u Ni\u0161u. Trenutno je student tre\u0107e godine osnovnih akademskih studija na Departmanu za fiziku i na Departmanu za ra\u010dunarske nauke na Prirodno-matemati\u010dkom fakultetu u Ni\u0161u. U\u010desnik na mnogobrojnim festivalima koji promovi\u0161u i popularizuju nauku. \u010clan astronomskog dru\u0161tva \u201eAlfa\u201c, Dru\u0161tva fizi\u010dara Ni\u0161, kao i Evropskog dru\u0161tva fiizi\u010dara. U\u010desnik me\u0111unarodnog programa \u201eCERN Masterclass \u2013 Hands on partical physic\u201d 2017. godine. Jedan od organizatora me\u0111unarodnog programa \u201eCERN Masterclass \u2013 Hands on partical physics\u201d 2018. i 2019. godine. Od jula 2019. godine, Predsednik ogranka Evropskog dru\u0161tva fizi\u010dara \u201eNi\u0161 Young Minds Section\u201d, kao i koordinator projekta \u201eIzvan redova i van okvira: Seminar i konkurs za mlade i ambiciozne fizi\u010dare\u201d. Jedan od administratora i urednika zvani\u010dnog Instagram profila Departmana za fiziku @zanimljiva_fizika_nis, zvani\u010dnog Instagram profila \u201eNi\u0161 Young Minds Section\u201d-\u0430 @young_minds_nis i sajta enjoyphysics.com.<\/p>\n\n\n\n<div class=\"wp-block-image is-style-rounded\"><figure class=\"aligncenter size-large\"><img loading=\"lazy\" decoding=\"async\" width=\"200\" height=\"200\" src=\"https:\/\/fizika.pmf.ni.ac.rs\/nocistrazivaca2020\/wp-content\/uploads\/2020\/11\/petra.jpg\" alt=\"\" class=\"wp-image-195\" srcset=\"https:\/\/fizika.pmf.ni.ac.rs\/nocistrazivaca2020\/wp-content\/uploads\/2020\/11\/petra.jpg 200w, https:\/\/fizika.pmf.ni.ac.rs\/nocistrazivaca2020\/wp-content\/uploads\/2020\/11\/petra-150x150.jpg 150w\" sizes=\"auto, (max-width: 200px) 100vw, 200px\" \/><\/figure><\/div>\n\n\n\n<p><strong>Petra Ne\u0161i\u0107<\/strong> je student osnovnih akademskih studija fizike na Prirodno-matemati\u010dkom fakultetu u Ni\u0161u. Uprkos tome \u0161to je zavr\u0161ila dru\u0161tveno-jezi\u010dki smer Gimnazije \u201a\u201aBora Stankovi\u0107\u2019\u2019 odlu\u010dila je da prati svoju strast \u2013 astronomiju. Svojim radom i u\u010destvovanjem u raznim nau\u010dnim organizacijama (\u2019\u2019CERN Masterclass \u2013 hands on particle physics\u2019\u2019 2019. godine, \u2019\u2019Nauk nije bauk\u2019\u2019&#8230;) voli da podstakne ljude da uklju\u010de svoju ma\u0161tu i ne zatvore o\u010di pred prelepom misterioznom stranom na\u0161eg sveta. Pored nauke u\u017eiva u u\u010denju engleskog jezika, kriminalisti\u010dkim serijama, planinarenju i drugim sportovima. Svoje slobodno vreme provodi sa dru\u0161tvom, porodicom i svojim psom Leksi.<\/p>\n\n\n\n<div class=\"wp-block-image is-style-rounded\"><figure class=\"aligncenter size-large\"><img loading=\"lazy\" decoding=\"async\" width=\"200\" height=\"200\" src=\"https:\/\/fizika.pmf.ni.ac.rs\/nocistrazivaca2020\/wp-content\/uploads\/2020\/11\/milan.jpg\" alt=\"\" class=\"wp-image-196\" srcset=\"https:\/\/fizika.pmf.ni.ac.rs\/nocistrazivaca2020\/wp-content\/uploads\/2020\/11\/milan.jpg 200w, https:\/\/fizika.pmf.ni.ac.rs\/nocistrazivaca2020\/wp-content\/uploads\/2020\/11\/milan-150x150.jpg 150w\" sizes=\"auto, (max-width: 200px) 100vw, 200px\" \/><\/figure><\/div>\n\n\n\n<p><strong>Milan Milo\u0161evi\u0107<\/strong> je docent na Departmanu za fiziku PMF-a u Ni\u0161u. Nastavnik u odeljenju za fiziku u Gimnaziji \u201eSvetozar Markovi\u0107\u201c. Osniva\u010d i glavni urednik sajta www.SvetNauke.org. Profesionalno teorijski fizi\u010dar koji istra\u017euje (kosmolo\u0161ku) inflaciju i \u017eeli da sazna kako je svemir nastao. U \u201erealnom\u201c svetu vi\u0161egodi\u0161nji borac za razotkrivanje astrolagarija i ostalih kvazinauka i bi\u0107a iz bajki XXI veka, na Internetu, i \u0161ire. Najve\u0107i deo vremena posve\u0107uje popularizaciji i pribli\u017eavanju nauke mladima, fotografiji, astronomiji i slobodnom softveru.<\/p>\n\n\n\n<div class=\"wp-block-image is-style-default\"><figure class=\"aligncenter size-large\"><a href=\"https:\/\/fizika.pmf.ni.ac.rs\/nocistrazivaca2020\/2020\/11\/01\/evropska-noc-istrazivaca-2020\/\"><img loading=\"lazy\" decoding=\"async\" width=\"1024\" height=\"576\" src=\"https:\/\/fizika.pmf.ni.ac.rs\/nocistrazivaca2020\/wp-content\/uploads\/2020\/11\/poslednja-sponzori-1024x576.png\" alt=\"\" class=\"wp-image-187\" srcset=\"https:\/\/fizika.pmf.ni.ac.rs\/nocistrazivaca2020\/wp-content\/uploads\/2020\/11\/poslednja-sponzori-1024x576.png 1024w, https:\/\/fizika.pmf.ni.ac.rs\/nocistrazivaca2020\/wp-content\/uploads\/2020\/11\/poslednja-sponzori-300x169.png 300w, https:\/\/fizika.pmf.ni.ac.rs\/nocistrazivaca2020\/wp-content\/uploads\/2020\/11\/poslednja-sponzori-768x432.png 768w, https:\/\/fizika.pmf.ni.ac.rs\/nocistrazivaca2020\/wp-content\/uploads\/2020\/11\/poslednja-sponzori-1536x864.png 1536w, https:\/\/fizika.pmf.ni.ac.rs\/nocistrazivaca2020\/wp-content\/uploads\/2020\/11\/poslednja-sponzori-2048x1152.png 2048w\" sizes=\"auto, (max-width: 1024px) 100vw, 1024px\" \/><\/a><\/figure><\/div>\n\n\n\n<p>Sadr\u017eaj na sajtu objavljen  pod <a href=\"https:\/\/creativecommons.org\/licenses\/by-nc-sa\/3.0\/rs\/\" class=\"rank-math-link\">CC BY-NC-SA 3<\/a> licencom. Dalja distribucija tekstova dozvoljena je isklju\u010divo u nekomercijalne svrhe, uz jasno citiranje adrese sajta i imena autora.<\/p>\n\n\n\n<p>Izvori fotografija: ESA, NASA, <a href=\"https:\/\/hubblesite.org\/images\/gallery\" class=\"rank-math-link\">HST<\/a>, <a href=\"https:\/\/apod.nasa.gov\/apod\/archivepix.html\" class=\"rank-math-link\">APOD<\/a>.<\/p>\n","protected":false},"excerpt":{"rendered":"<p>Pripremili: Irina Cvetkovi\u0107 Jovana Stanimirovi\u0107 Petra Ne\u0161i\u0107 Milan Milo\u0161evi\u0107 Irina Cvetkovi\u0107 je student fizike na Prirodno-matemati\u010dkom fakultetu u Ni\u0161u i \u010dlan ni\u0161kog astronomskog dru\u0161tva \u201cAlfa\u201d. Iz gejmerske faze prvenstveno je razvila ljubav prema programiranju, kompjuterima i elektronici, zbog \u010dega je kao srednju \u0161kolu odabrala Tehni\u010dku. Odnedavno aktivna u popularizaciji nauke preko dru\u0161tvenih mre\u017ea i studentskog \u010dasopisa \u201cPMF \u017durnal\u201d. Kad ne juri zvezde po zaba\u010denim livadama, mo\u017ee se zate\u0107i u parku na rolerima ili klizali\u0161tu. Pored nauke i tehnologije, od malena se interesuje za \u017eivi svet oko sebe, pa je veliki&hellip;<\/p>\n","protected":false},"author":1,"featured_media":0,"parent":0,"menu_order":0,"comment_status":"closed","ping_status":"closed","template":"","meta":{"footnotes":""},"class_list":["post-27","page","type-page","status-publish","hentry"],"jetpack_sharing_enabled":true,"_links":{"self":[{"href":"https:\/\/fizika.pmf.ni.ac.rs\/nocistrazivaca2020\/wp-json\/wp\/v2\/pages\/27","targetHints":{"allow":["GET"]}}],"collection":[{"href":"https:\/\/fizika.pmf.ni.ac.rs\/nocistrazivaca2020\/wp-json\/wp\/v2\/pages"}],"about":[{"href":"https:\/\/fizika.pmf.ni.ac.rs\/nocistrazivaca2020\/wp-json\/wp\/v2\/types\/page"}],"author":[{"embeddable":true,"href":"https:\/\/fizika.pmf.ni.ac.rs\/nocistrazivaca2020\/wp-json\/wp\/v2\/users\/1"}],"replies":[{"embeddable":true,"href":"https:\/\/fizika.pmf.ni.ac.rs\/nocistrazivaca2020\/wp-json\/wp\/v2\/comments?post=27"}],"version-history":[{"count":5,"href":"https:\/\/fizika.pmf.ni.ac.rs\/nocistrazivaca2020\/wp-json\/wp\/v2\/pages\/27\/revisions"}],"predecessor-version":[{"id":396,"href":"https:\/\/fizika.pmf.ni.ac.rs\/nocistrazivaca2020\/wp-json\/wp\/v2\/pages\/27\/revisions\/396"}],"wp:attachment":[{"href":"https:\/\/fizika.pmf.ni.ac.rs\/nocistrazivaca2020\/wp-json\/wp\/v2\/media?parent=27"}],"curies":[{"name":"wp","href":"https:\/\/api.w.org\/{rel}","templated":true}]}}